{"id":11,"date":"2023-01-04T09:59:30","date_gmt":"2023-01-04T09:59:30","guid":{"rendered":"https:\/\/benijah-consulting.com\/?page_id=11"},"modified":"2024-12-06T12:34:48","modified_gmt":"2024-12-06T12:34:48","slug":"contact","status":"publish","type":"page","link":"https:\/\/benijah-consulting.com\/fr\/contact\/","title":{"rendered":"Contact"},"content":{"rendered":"\n<h2 class=\"wp-block-heading title-line-left\">Des questions?<\/h2>\n\n\n\n<p class=\"contact-desc\">N\u2019h\u00e9sitez pas \u00e0 nous contacter !<\/p>\n\n\n\n<p class=\"contact-desc\">Compl\u00e9tez le formulaire ou contactez-nous par e-mail : <\/p>\n\n\n\n<div style=\"height:10px\" aria-hidden=\"true\" class=\"wp-block-spacer\"><\/div>\n\n\n\n<p class=\"contact-info-para\"><a href=\"mailto:hello@benijah-consulting.com\">hello@benijah-consulting.com<\/a><\/p>\n\n\n\n<div style=\"height:25px\" aria-hidden=\"true\" class=\"wp-block-spacer\"><\/div>\n\n\n\n<p><img loading=\"lazy\" decoding=\"async\" width=\"20\" height=\"20\" class=\"wp-image-694\" style=\"width: 20px;\" src=\"https:\/\/benijah-consulting.com\/wp-content\/uploads\/2023\/01\/image-1.png\" alt=\"\"> <strong>Belgique<\/strong><br>329, Avenue de la Basilique<br>1081 Koekelberg, Bruxelles<\/p>\n\n\n\n<p>T\u00e9l\u00e9phone : <a href=\"tel:+320485736837\">+32 (0) 471 698 545<\/a>\u00a0<br>TVA: BE 0775801050<\/p>\n\n\n\n<div style=\"height:25px\" aria-hidden=\"true\" class=\"wp-block-spacer\"><\/div>\n\n\n\n<p><\/p>\n\n\n\n<p><img loading=\"lazy\" decoding=\"async\" width=\"20\" height=\"20\" class=\"wp-image-689\" style=\"width: 20px;\" src=\"https:\/\/benijah-consulting.com\/wp-content\/uploads\/2023\/01\/image.png\" alt=\"\"> <strong>R\u00e9publique D\u00e9mocratique du Congo<\/strong><br>Silikin Village Concession COTEX N\u00b063 Avenue Colonel Modjiba, Kinshasa\/Gombe<\/p>\n\n\n\n<p>T\u00e9l\u00e9phone: <a href=\"tel:+2430821192335\">+243 (0) 974 659 467<\/a><br>NIF: A2297740P<\/p>\n\n\n\n<div style=\"height:25px\" aria-hidden=\"true\" class=\"wp-block-spacer\"><\/div>\n\n\n\n<p><\/p>\n","protected":false},"excerpt":{"rendered":"<p>Des questions? N\u2019h\u00e9sitez pas \u00e0 nous contacter ! Compl\u00e9tez le formulaire ou contactez-nous par e-mail : hello@benijah-consulting.com Belgique329, Avenue de la Basilique1081 Koekelberg, Bruxelles T\u00e9l\u00e9phone : +32 (0) 471 698 [&hellip;]<\/p>\n","protected":false},"author":3,"featured_media":0,"parent":0,"menu_order":-5,"comment_status":"closed","ping_status":"closed","template":"templates\/modele-contact.php","meta":{"_acf_changed":false,"footnotes":""},"class_list":["post-11","page","type-page","status-publish","hentry"],"acf":[],"yoast_head":"<!-- This site is optimized with the Yoast SEO plugin v25.3.1 - https:\/\/yoast.com\/wordpress\/plugins\/seo\/ -->\n<title>Contact &#8226; Benijah Consulting<\/title>\n<meta name=\"robots\" content=\"index, follow, max-snippet:-1, max-image-preview:large, max-video-preview:-1\" \/>\n<link rel=\"canonical\" href=\"https:\/\/benijah-consulting.com\/fr\/contact\/\" \/>\n<meta property=\"og:locale\" content=\"fr_FR\" \/>\n<meta property=\"og:type\" content=\"article\" \/>\n<meta property=\"og:title\" content=\"Contact &#8226; Benijah Consulting\" \/>\n<meta property=\"og:description\" content=\"Des questions? N\u2019h\u00e9sitez pas \u00e0 nous contacter ! Compl\u00e9tez le formulaire ou contactez-nous par e-mail : hello@benijah-consulting.com Belgique329, Avenue de la Basilique1081 Koekelberg, Bruxelles T\u00e9l\u00e9phone : +32 (0) 471 698 [&hellip;]\" \/>\n<meta property=\"og:url\" content=\"https:\/\/benijah-consulting.com\/fr\/contact\/\" \/>\n<meta property=\"og:site_name\" content=\"Benijah Consulting\" \/>\n<meta property=\"article:modified_time\" content=\"2024-12-06T12:34:48+00:00\" \/>\n<meta property=\"og:image\" content=\"https:\/\/benijah-consulting.com\/wp-content\/uploads\/2023\/01\/image-1.png\" \/>\n\t<meta property=\"og:image:width\" content=\"150\" \/>\n\t<meta property=\"og:image:height\" content=\"150\" \/>\n\t<meta property=\"og:image:type\" content=\"image\/png\" \/>\n<meta name=\"twitter:card\" content=\"summary_large_image\" \/>\n<meta name=\"twitter:label1\" content=\"Dur\u00e9e de lecture estim\u00e9e\" \/>\n\t<meta name=\"twitter:data1\" content=\"1 minute\" \/>\n<script type=\"application\/ld+json\" class=\"yoast-schema-graph\">{\"@context\":\"https:\/\/schema.org\",\"@graph\":[{\"@type\":\"WebPage\",\"@id\":\"https:\/\/benijah-consulting.com\/fr\/contact\/\",\"url\":\"https:\/\/benijah-consulting.com\/fr\/contact\/\",\"name\":\"Contact &#8226; Benijah Consulting\",\"isPartOf\":{\"@id\":\"https:\/\/benijah-consulting.com\/fr\/#website\"},\"primaryImageOfPage\":{\"@id\":\"https:\/\/benijah-consulting.com\/fr\/contact\/#primaryimage\"},\"image\":{\"@id\":\"https:\/\/benijah-consulting.com\/fr\/contact\/#primaryimage\"},\"thumbnailUrl\":\"https:\/\/benijah-consulting.com\/wp-content\/uploads\/2023\/01\/image-1.png\",\"datePublished\":\"2023-01-04T09:59:30+00:00\",\"dateModified\":\"2024-12-06T12:34:48+00:00\",\"breadcrumb\":{\"@id\":\"https:\/\/benijah-consulting.com\/fr\/contact\/#breadcrumb\"},\"inLanguage\":\"fr-FR\",\"potentialAction\":[{\"@type\":\"ReadAction\",\"target\":[\"https:\/\/benijah-consulting.com\/fr\/contact\/\"]}]},{\"@type\":\"ImageObject\",\"inLanguage\":\"fr-FR\",\"@id\":\"https:\/\/benijah-consulting.com\/fr\/contact\/#primaryimage\",\"url\":\"https:\/\/benijah-consulting.com\/wp-content\/uploads\/2023\/01\/image-1.png\",\"contentUrl\":\"https:\/\/benijah-consulting.com\/wp-content\/uploads\/2023\/01\/image-1.png\"},{\"@type\":\"BreadcrumbList\",\"@id\":\"https:\/\/benijah-consulting.com\/fr\/contact\/#breadcrumb\",\"itemListElement\":[{\"@type\":\"ListItem\",\"position\":1,\"name\":\"Accueil\",\"item\":\"https:\/\/benijah-consulting.com\/fr\/\"},{\"@type\":\"ListItem\",\"position\":2,\"name\":\"Contact\"}]},{\"@type\":\"WebSite\",\"@id\":\"https:\/\/benijah-consulting.com\/fr\/#website\",\"url\":\"https:\/\/benijah-consulting.com\/fr\/\",\"name\":\"Benijah Consulting\",\"description\":\"Cyber Security\",\"publisher\":{\"@id\":\"https:\/\/benijah-consulting.com\/fr\/#organization\"},\"alternateName\":\"Benijah Consulting\",\"potentialAction\":[{\"@type\":\"SearchAction\",\"target\":{\"@type\":\"EntryPoint\",\"urlTemplate\":\"https:\/\/benijah-consulting.com\/fr\/?s={search_term_string}\"},\"query-input\":{\"@type\":\"PropertyValueSpecification\",\"valueRequired\":true,\"valueName\":\"search_term_string\"}}],\"inLanguage\":\"fr-FR\"},{\"@type\":\"Organization\",\"@id\":\"https:\/\/benijah-consulting.com\/fr\/#organization\",\"name\":\"Benijah Consulting\",\"alternateName\":\"Benijah Consulting\",\"url\":\"https:\/\/benijah-consulting.com\/fr\/\",\"logo\":{\"@type\":\"ImageObject\",\"inLanguage\":\"fr-FR\",\"@id\":\"https:\/\/benijah-consulting.com\/fr\/#\/schema\/logo\/image\/\",\"url\":\"https:\/\/benijah-consulting.com\/wp-content\/uploads\/2023\/01\/social.jpg\",\"contentUrl\":\"https:\/\/benijah-consulting.com\/wp-content\/uploads\/2023\/01\/social.jpg\",\"width\":760,\"height\":570,\"caption\":\"Benijah Consulting\"},\"image\":{\"@id\":\"https:\/\/benijah-consulting.com\/fr\/#\/schema\/logo\/image\/\"}}]}<\/script>\n<!-- \/ Yoast SEO plugin. -->","yoast_head_json":{"title":"Contact &#8226; Benijah Consulting","robots":{"index":"index","follow":"follow","max-snippet":"max-snippet:-1","max-image-preview":"max-image-preview:large","max-video-preview":"max-video-preview:-1"},"canonical":"https:\/\/benijah-consulting.com\/fr\/contact\/","og_locale":"fr_FR","og_type":"article","og_title":"Contact &#8226; Benijah Consulting","og_description":"Des questions? N\u2019h\u00e9sitez pas \u00e0 nous contacter ! Compl\u00e9tez le formulaire ou contactez-nous par e-mail : hello@benijah-consulting.com Belgique329, Avenue de la Basilique1081 Koekelberg, Bruxelles T\u00e9l\u00e9phone : +32 (0) 471 698 [&hellip;]","og_url":"https:\/\/benijah-consulting.com\/fr\/contact\/","og_site_name":"Benijah Consulting","article_modified_time":"2024-12-06T12:34:48+00:00","og_image":[{"width":150,"height":150,"url":"https:\/\/benijah-consulting.com\/wp-content\/uploads\/2023\/01\/image-1.png","type":"image\/png"}],"twitter_card":"summary_large_image","twitter_misc":{"Dur\u00e9e de lecture estim\u00e9e":"1 minute"},"schema":{"@context":"https:\/\/schema.org","@graph":[{"@type":"WebPage","@id":"https:\/\/benijah-consulting.com\/fr\/contact\/","url":"https:\/\/benijah-consulting.com\/fr\/contact\/","name":"Contact &#8226; Benijah Consulting","isPartOf":{"@id":"https:\/\/benijah-consulting.com\/fr\/#website"},"primaryImageOfPage":{"@id":"https:\/\/benijah-consulting.com\/fr\/contact\/#primaryimage"},"image":{"@id":"https:\/\/benijah-consulting.com\/fr\/contact\/#primaryimage"},"thumbnailUrl":"https:\/\/benijah-consulting.com\/wp-content\/uploads\/2023\/01\/image-1.png","datePublished":"2023-01-04T09:59:30+00:00","dateModified":"2024-12-06T12:34:48+00:00","breadcrumb":{"@id":"https:\/\/benijah-consulting.com\/fr\/contact\/#breadcrumb"},"inLanguage":"fr-FR","potentialAction":[{"@type":"ReadAction","target":["https:\/\/benijah-consulting.com\/fr\/contact\/"]}]},{"@type":"ImageObject","inLanguage":"fr-FR","@id":"https:\/\/benijah-consulting.com\/fr\/contact\/#primaryimage","url":"https:\/\/benijah-consulting.com\/wp-content\/uploads\/2023\/01\/image-1.png","contentUrl":"https:\/\/benijah-consulting.com\/wp-content\/uploads\/2023\/01\/image-1.png"},{"@type":"BreadcrumbList","@id":"https:\/\/benijah-consulting.com\/fr\/contact\/#breadcrumb","itemListElement":[{"@type":"ListItem","position":1,"name":"Accueil","item":"https:\/\/benijah-consulting.com\/fr\/"},{"@type":"ListItem","position":2,"name":"Contact"}]},{"@type":"WebSite","@id":"https:\/\/benijah-consulting.com\/fr\/#website","url":"https:\/\/benijah-consulting.com\/fr\/","name":"Benijah Consulting","description":"Cyber Security","publisher":{"@id":"https:\/\/benijah-consulting.com\/fr\/#organization"},"alternateName":"Benijah Consulting","potentialAction":[{"@type":"SearchAction","target":{"@type":"EntryPoint","urlTemplate":"https:\/\/benijah-consulting.com\/fr\/?s={search_term_string}"},"query-input":{"@type":"PropertyValueSpecification","valueRequired":true,"valueName":"search_term_string"}}],"inLanguage":"fr-FR"},{"@type":"Organization","@id":"https:\/\/benijah-consulting.com\/fr\/#organization","name":"Benijah Consulting","alternateName":"Benijah Consulting","url":"https:\/\/benijah-consulting.com\/fr\/","logo":{"@type":"ImageObject","inLanguage":"fr-FR","@id":"https:\/\/benijah-consulting.com\/fr\/#\/schema\/logo\/image\/","url":"https:\/\/benijah-consulting.com\/wp-content\/uploads\/2023\/01\/social.jpg","contentUrl":"https:\/\/benijah-consulting.com\/wp-content\/uploads\/2023\/01\/social.jpg","width":760,"height":570,"caption":"Benijah Consulting"},"image":{"@id":"https:\/\/benijah-consulting.com\/fr\/#\/schema\/logo\/image\/"}}]}},"_links":{"self":[{"href":"https:\/\/benijah-consulting.com\/fr\/wp-json\/wp\/v2\/pages\/11","targetHints":{"allow":["GET"]}}],"collection":[{"href":"https:\/\/benijah-consulting.com\/fr\/wp-json\/wp\/v2\/pages"}],"about":[{"href":"https:\/\/benijah-consulting.com\/fr\/wp-json\/wp\/v2\/types\/page"}],"author":[{"embeddable":true,"href":"https:\/\/benijah-consulting.com\/fr\/wp-json\/wp\/v2\/users\/3"}],"replies":[{"embeddable":true,"href":"https:\/\/benijah-consulting.com\/fr\/wp-json\/wp\/v2\/comments?post=11"}],"version-history":[{"count":30,"href":"https:\/\/benijah-consulting.com\/fr\/wp-json\/wp\/v2\/pages\/11\/revisions"}],"predecessor-version":[{"id":984,"href":"https:\/\/benijah-consulting.com\/fr\/wp-json\/wp\/v2\/pages\/11\/revisions\/984"}],"wp:attachment":[{"href":"https:\/\/benijah-consulting.com\/fr\/wp-json\/wp\/v2\/media?parent=11"}],"curies":[{"name":"wp","href":"https:\/\/api.w.org\/{rel}","templated":true}]}}