{"id":8,"date":"2023-01-04T09:59:07","date_gmt":"2023-01-04T09:59:07","guid":{"rendered":"https:\/\/benijah-consulting.com\/?page_id=8"},"modified":"2023-03-29T16:07:31","modified_gmt":"2023-03-29T16:07:31","slug":"a-propos","status":"publish","type":"page","link":"https:\/\/benijah-consulting.com\/fr\/a-propos\/","title":{"rendered":"\u00c0 propos"},"content":{"rendered":"\n<h2 class=\"wp-block-heading\">Notre histoire<\/h2>\n\n\n\n<div class=\"wp-block-columns is-layout-flex wp-container-core-columns-is-layout-1 wp-block-columns-is-layout-flex\">\n<div class=\"wp-block-column is-layout-flow wp-block-column-is-layout-flow\">\n<p>Notre voyage culturel a commenc\u00e9 par le d\u00e9veloppement de valeurs de marque qui englobent v\u00e9ritablement une exp\u00e9rience partag\u00e9e et v\u00e9cue. L\u2019origine de BENIJAH Consulting \u00e9tait notre d\u00e9sir de fournir aux clients, investisseurs, partenaires et employ\u00e9s une exp\u00e9rience de b\u00e9n\u00e9fice et de succ\u00e8s mutuels.<br>Le groupe BENIJAH Consulting a \u00e9t\u00e9 d\u00e9velopp\u00e9 gr\u00e2ce \u00e0 un \u00e9change culturel entre les dirigeants et les employ\u00e9s de BENIJAH \u00e0 travers le monde. Ce processus a n\u00e9cessit\u00e9 une \u00e9norme confiance mutuelle, une profonde empathie pour les diff\u00e9rents points de vue et une transparence totale.<br>Au c\u0153ur du succ\u00e8s de BENIJAH Consulting se trouve notre d\u00e9sir de fournir \u00e0 nos clients en Afrique, dans n\u2019importe quel secteur d\u2019activit\u00e9, le m\u00eame niveau de protection des donn\u00e9es et des op\u00e9rations que leurs homologues dans les pays plus avanc\u00e9s.<\/p>\n<\/div>\n\n\n\n<div class=\"wp-block-column is-layout-flow wp-block-column-is-layout-flow\">\n<p>La cybersecurit\u00e9 est un centre de co\u00fbt pour la plupart des entreprises. C\u2019est pourquoi, derri\u00e8re chaque demande de services, nous nous effor\u00e7ons d\u2019en comprendre le besoin afin d\u2019y r\u00e9pondre de la meilleure mani\u00e8re possible.<br>Notre exp\u00e9rience montre qu\u2019il est possible de s\u00e9lectionner, d\u2019adapter, de partager et d\u2019exploiter un ensemble pertinent de bonnes pratiques de cybers\u00e9curit\u00e9 en peu de temps, avec une approche pragmatique et abordable.<\/p>\n\n\n\n<blockquote class=\"wp-block-quote is-layout-flow wp-block-quote-is-layout-flow\">\n<p><strong>Benijah Consulting Team<\/strong><\/p>\n<\/blockquote>\n<\/div>\n<\/div>\n","protected":false},"excerpt":{"rendered":"<p>Notre histoire Notre voyage culturel a commenc\u00e9 par le d\u00e9veloppement de valeurs de marque qui englobent v\u00e9ritablement une exp\u00e9rience partag\u00e9e et v\u00e9cue. L\u2019origine de BENIJAH Consulting \u00e9tait notre d\u00e9sir de [&hellip;]<\/p>\n","protected":false},"author":3,"featured_media":571,"parent":0,"menu_order":-9,"comment_status":"closed","ping_status":"closed","template":"templates\/modele-a-propos.php","meta":{"_acf_changed":false,"footnotes":""},"class_list":["post-8","page","type-page","status-publish","has-post-thumbnail","hentry"],"acf":[],"yoast_head":"<!-- This site is optimized with the Yoast SEO plugin v25.3.1 - https:\/\/yoast.com\/wordpress\/plugins\/seo\/ -->\n<title>\u00c0 propos &#8226; Benijah Consulting<\/title>\n<meta name=\"robots\" content=\"index, follow, max-snippet:-1, max-image-preview:large, max-video-preview:-1\" \/>\n<link rel=\"canonical\" href=\"https:\/\/benijah-consulting.com\/fr\/a-propos\/\" \/>\n<meta property=\"og:locale\" content=\"fr_FR\" \/>\n<meta property=\"og:type\" content=\"article\" \/>\n<meta property=\"og:title\" content=\"\u00c0 propos &#8226; Benijah Consulting\" \/>\n<meta property=\"og:description\" content=\"Notre histoire Notre voyage culturel a commenc\u00e9 par le d\u00e9veloppement de valeurs de marque qui englobent v\u00e9ritablement une exp\u00e9rience partag\u00e9e et v\u00e9cue. L\u2019origine de BENIJAH Consulting \u00e9tait notre d\u00e9sir de [&hellip;]\" \/>\n<meta property=\"og:url\" content=\"https:\/\/benijah-consulting.com\/fr\/a-propos\/\" \/>\n<meta property=\"og:site_name\" content=\"Benijah Consulting\" \/>\n<meta property=\"article:modified_time\" content=\"2023-03-29T16:07:31+00:00\" \/>\n<meta property=\"og:image\" content=\"https:\/\/benijah-consulting.com\/wp-content\/uploads\/2023\/01\/Qui-sommes-nous-III-scaled.jpg\" \/>\n\t<meta property=\"og:image:width\" content=\"2560\" \/>\n\t<meta property=\"og:image:height\" content=\"1707\" \/>\n\t<meta property=\"og:image:type\" content=\"image\/jpeg\" \/>\n<meta name=\"twitter:card\" content=\"summary_large_image\" \/>\n<meta name=\"twitter:label1\" content=\"Dur\u00e9e de lecture estim\u00e9e\" \/>\n\t<meta name=\"twitter:data1\" content=\"2 minutes\" \/>\n<script type=\"application\/ld+json\" class=\"yoast-schema-graph\">{\"@context\":\"https:\/\/schema.org\",\"@graph\":[{\"@type\":\"WebPage\",\"@id\":\"https:\/\/benijah-consulting.com\/fr\/a-propos\/\",\"url\":\"https:\/\/benijah-consulting.com\/fr\/a-propos\/\",\"name\":\"\u00c0 propos &#8226; Benijah Consulting\",\"isPartOf\":{\"@id\":\"https:\/\/benijah-consulting.com\/fr\/#website\"},\"primaryImageOfPage\":{\"@id\":\"https:\/\/benijah-consulting.com\/fr\/a-propos\/#primaryimage\"},\"image\":{\"@id\":\"https:\/\/benijah-consulting.com\/fr\/a-propos\/#primaryimage\"},\"thumbnailUrl\":\"https:\/\/benijah-consulting.com\/wp-content\/uploads\/2023\/01\/Qui-sommes-nous-III-scaled.jpg\",\"datePublished\":\"2023-01-04T09:59:07+00:00\",\"dateModified\":\"2023-03-29T16:07:31+00:00\",\"breadcrumb\":{\"@id\":\"https:\/\/benijah-consulting.com\/fr\/a-propos\/#breadcrumb\"},\"inLanguage\":\"fr-FR\",\"potentialAction\":[{\"@type\":\"ReadAction\",\"target\":[\"https:\/\/benijah-consulting.com\/fr\/a-propos\/\"]}]},{\"@type\":\"ImageObject\",\"inLanguage\":\"fr-FR\",\"@id\":\"https:\/\/benijah-consulting.com\/fr\/a-propos\/#primaryimage\",\"url\":\"https:\/\/benijah-consulting.com\/wp-content\/uploads\/2023\/01\/Qui-sommes-nous-III-scaled.jpg\",\"contentUrl\":\"https:\/\/benijah-consulting.com\/wp-content\/uploads\/2023\/01\/Qui-sommes-nous-III-scaled.jpg\",\"width\":2560,\"height\":1707},{\"@type\":\"BreadcrumbList\",\"@id\":\"https:\/\/benijah-consulting.com\/fr\/a-propos\/#breadcrumb\",\"itemListElement\":[{\"@type\":\"ListItem\",\"position\":1,\"name\":\"Accueil\",\"item\":\"https:\/\/benijah-consulting.com\/fr\/\"},{\"@type\":\"ListItem\",\"position\":2,\"name\":\"\u00c0 propos\"}]},{\"@type\":\"WebSite\",\"@id\":\"https:\/\/benijah-consulting.com\/fr\/#website\",\"url\":\"https:\/\/benijah-consulting.com\/fr\/\",\"name\":\"Benijah Consulting\",\"description\":\"Cyber Security\",\"publisher\":{\"@id\":\"https:\/\/benijah-consulting.com\/fr\/#organization\"},\"alternateName\":\"Benijah Consulting\",\"potentialAction\":[{\"@type\":\"SearchAction\",\"target\":{\"@type\":\"EntryPoint\",\"urlTemplate\":\"https:\/\/benijah-consulting.com\/fr\/?s={search_term_string}\"},\"query-input\":{\"@type\":\"PropertyValueSpecification\",\"valueRequired\":true,\"valueName\":\"search_term_string\"}}],\"inLanguage\":\"fr-FR\"},{\"@type\":\"Organization\",\"@id\":\"https:\/\/benijah-consulting.com\/fr\/#organization\",\"name\":\"Benijah Consulting\",\"alternateName\":\"Benijah Consulting\",\"url\":\"https:\/\/benijah-consulting.com\/fr\/\",\"logo\":{\"@type\":\"ImageObject\",\"inLanguage\":\"fr-FR\",\"@id\":\"https:\/\/benijah-consulting.com\/fr\/#\/schema\/logo\/image\/\",\"url\":\"https:\/\/benijah-consulting.com\/wp-content\/uploads\/2023\/01\/social.jpg\",\"contentUrl\":\"https:\/\/benijah-consulting.com\/wp-content\/uploads\/2023\/01\/social.jpg\",\"width\":760,\"height\":570,\"caption\":\"Benijah Consulting\"},\"image\":{\"@id\":\"https:\/\/benijah-consulting.com\/fr\/#\/schema\/logo\/image\/\"}}]}<\/script>\n<!-- \/ Yoast SEO plugin. -->","yoast_head_json":{"title":"\u00c0 propos &#8226; Benijah Consulting","robots":{"index":"index","follow":"follow","max-snippet":"max-snippet:-1","max-image-preview":"max-image-preview:large","max-video-preview":"max-video-preview:-1"},"canonical":"https:\/\/benijah-consulting.com\/fr\/a-propos\/","og_locale":"fr_FR","og_type":"article","og_title":"\u00c0 propos &#8226; Benijah Consulting","og_description":"Notre histoire Notre voyage culturel a commenc\u00e9 par le d\u00e9veloppement de valeurs de marque qui englobent v\u00e9ritablement une exp\u00e9rience partag\u00e9e et v\u00e9cue. L\u2019origine de BENIJAH Consulting \u00e9tait notre d\u00e9sir de [&hellip;]","og_url":"https:\/\/benijah-consulting.com\/fr\/a-propos\/","og_site_name":"Benijah Consulting","article_modified_time":"2023-03-29T16:07:31+00:00","og_image":[{"width":2560,"height":1707,"url":"https:\/\/benijah-consulting.com\/wp-content\/uploads\/2023\/01\/Qui-sommes-nous-III-scaled.jpg","type":"image\/jpeg"}],"twitter_card":"summary_large_image","twitter_misc":{"Dur\u00e9e de lecture estim\u00e9e":"2 minutes"},"schema":{"@context":"https:\/\/schema.org","@graph":[{"@type":"WebPage","@id":"https:\/\/benijah-consulting.com\/fr\/a-propos\/","url":"https:\/\/benijah-consulting.com\/fr\/a-propos\/","name":"\u00c0 propos &#8226; Benijah Consulting","isPartOf":{"@id":"https:\/\/benijah-consulting.com\/fr\/#website"},"primaryImageOfPage":{"@id":"https:\/\/benijah-consulting.com\/fr\/a-propos\/#primaryimage"},"image":{"@id":"https:\/\/benijah-consulting.com\/fr\/a-propos\/#primaryimage"},"thumbnailUrl":"https:\/\/benijah-consulting.com\/wp-content\/uploads\/2023\/01\/Qui-sommes-nous-III-scaled.jpg","datePublished":"2023-01-04T09:59:07+00:00","dateModified":"2023-03-29T16:07:31+00:00","breadcrumb":{"@id":"https:\/\/benijah-consulting.com\/fr\/a-propos\/#breadcrumb"},"inLanguage":"fr-FR","potentialAction":[{"@type":"ReadAction","target":["https:\/\/benijah-consulting.com\/fr\/a-propos\/"]}]},{"@type":"ImageObject","inLanguage":"fr-FR","@id":"https:\/\/benijah-consulting.com\/fr\/a-propos\/#primaryimage","url":"https:\/\/benijah-consulting.com\/wp-content\/uploads\/2023\/01\/Qui-sommes-nous-III-scaled.jpg","contentUrl":"https:\/\/benijah-consulting.com\/wp-content\/uploads\/2023\/01\/Qui-sommes-nous-III-scaled.jpg","width":2560,"height":1707},{"@type":"BreadcrumbList","@id":"https:\/\/benijah-consulting.com\/fr\/a-propos\/#breadcrumb","itemListElement":[{"@type":"ListItem","position":1,"name":"Accueil","item":"https:\/\/benijah-consulting.com\/fr\/"},{"@type":"ListItem","position":2,"name":"\u00c0 propos"}]},{"@type":"WebSite","@id":"https:\/\/benijah-consulting.com\/fr\/#website","url":"https:\/\/benijah-consulting.com\/fr\/","name":"Benijah Consulting","description":"Cyber Security","publisher":{"@id":"https:\/\/benijah-consulting.com\/fr\/#organization"},"alternateName":"Benijah Consulting","potentialAction":[{"@type":"SearchAction","target":{"@type":"EntryPoint","urlTemplate":"https:\/\/benijah-consulting.com\/fr\/?s={search_term_string}"},"query-input":{"@type":"PropertyValueSpecification","valueRequired":true,"valueName":"search_term_string"}}],"inLanguage":"fr-FR"},{"@type":"Organization","@id":"https:\/\/benijah-consulting.com\/fr\/#organization","name":"Benijah Consulting","alternateName":"Benijah Consulting","url":"https:\/\/benijah-consulting.com\/fr\/","logo":{"@type":"ImageObject","inLanguage":"fr-FR","@id":"https:\/\/benijah-consulting.com\/fr\/#\/schema\/logo\/image\/","url":"https:\/\/benijah-consulting.com\/wp-content\/uploads\/2023\/01\/social.jpg","contentUrl":"https:\/\/benijah-consulting.com\/wp-content\/uploads\/2023\/01\/social.jpg","width":760,"height":570,"caption":"Benijah Consulting"},"image":{"@id":"https:\/\/benijah-consulting.com\/fr\/#\/schema\/logo\/image\/"}}]}},"_links":{"self":[{"href":"https:\/\/benijah-consulting.com\/fr\/wp-json\/wp\/v2\/pages\/8","targetHints":{"allow":["GET"]}}],"collection":[{"href":"https:\/\/benijah-consulting.com\/fr\/wp-json\/wp\/v2\/pages"}],"about":[{"href":"https:\/\/benijah-consulting.com\/fr\/wp-json\/wp\/v2\/types\/page"}],"author":[{"embeddable":true,"href":"https:\/\/benijah-consulting.com\/fr\/wp-json\/wp\/v2\/users\/3"}],"replies":[{"embeddable":true,"href":"https:\/\/benijah-consulting.com\/fr\/wp-json\/wp\/v2\/comments?post=8"}],"version-history":[{"count":22,"href":"https:\/\/benijah-consulting.com\/fr\/wp-json\/wp\/v2\/pages\/8\/revisions"}],"predecessor-version":[{"id":819,"href":"https:\/\/benijah-consulting.com\/fr\/wp-json\/wp\/v2\/pages\/8\/revisions\/819"}],"wp:featuredmedia":[{"embeddable":true,"href":"https:\/\/benijah-consulting.com\/fr\/wp-json\/wp\/v2\/media\/571"}],"wp:attachment":[{"href":"https:\/\/benijah-consulting.com\/fr\/wp-json\/wp\/v2\/media?parent=8"}],"curies":[{"name":"wp","href":"https:\/\/api.w.org\/{rel}","templated":true}]}}